{"id":207,"date":"2020-03-21T10:39:24","date_gmt":"2020-03-21T09:39:24","guid":{"rendered":"https:\/\/www.tiroler-blumenwiesn.at\/?page_id=207"},"modified":"2020-04-21T13:06:56","modified_gmt":"2020-04-21T11:06:56","slug":"impressum","status":"publish","type":"page","link":"https:\/\/www.tiroler-blumenwiesn.at\/?page_id=207","title":{"rendered":"Impressum"},"content":{"rendered":"\t\t<div data-elementor-type=\"wp-page\" data-elementor-id=\"207\" class=\"elementor elementor-207\">\n\t\t\t\t\t\t<div class=\"elementor-inner\">\n\t\t\t\t<div class=\"elementor-section-wrap\">\n\t\t\t\t\t\t\t\t\t<section class=\"elementor-section elementor-top-section elementor-element elementor-element-a469be4 elementor-section-height-min-height elementor-section-boxed elementor-section-height-default elementor-section-items-middle\" data-id=\"a469be4\" data-element_type=\"section\">\n\t\t\t\t\t\t<div class=\"elementor-container elementor-column-gap-default\">\n\t\t\t\t\t\t\t<div class=\"elementor-row\">\n\t\t\t\t\t<div class=\"elementor-column elementor-col-100 elementor-top-column elementor-element elementor-element-e79e369\" data-id=\"e79e369\" data-element_type=\"column\">\n\t\t\t<div class=\"elementor-column-wrap elementor-element-populated\">\n\t\t\t\t\t\t\t<div class=\"elementor-widget-wrap\">\n\t\t\t\t\t\t<div class=\"elementor-element elementor-element-0336251 elementor-widget elementor-widget-heading\" data-id=\"0336251\" data-element_type=\"widget\" data-widget_type=\"heading.default\">\n\t\t\t\t<div class=\"elementor-widget-container\">\n\t\t\t<h1 class=\"elementor-heading-title elementor-size-default\">Impressum<\/h1>\t\t<\/div>\n\t\t\t\t<\/div>\n\t\t\t\t<div class=\"elementor-element elementor-element-773eeaf elementor-widget-divider--view-line elementor-widget elementor-widget-divider\" data-id=\"773eeaf\" data-element_type=\"widget\" data-widget_type=\"divider.default\">\n\t\t\t\t<div class=\"elementor-widget-container\">\n\t\t\t\t\t<div class=\"elementor-divider\">\n\t\t\t<span class=\"elementor-divider-separator\">\n\t\t\t\t\t\t<\/span>\n\t\t<\/div>\n\t\t\t\t<\/div>\n\t\t\t\t<\/div>\n\t\t\t\t\t\t<\/div>\n\t\t\t\t\t<\/div>\n\t\t<\/div>\n\t\t\t\t\t\t\t\t<\/div>\n\t\t\t\t\t<\/div>\n\t\t<\/section>\n\t\t\t\t<section class=\"elementor-section elementor-top-section elementor-element elementor-element-d1d7c02 elementor-section-boxed elementor-section-height-default elementor-section-height-default\" data-id=\"d1d7c02\" data-element_type=\"section\">\n\t\t\t\t\t\t<div class=\"elementor-container elementor-column-gap-default\">\n\t\t\t\t\t\t\t<div class=\"elementor-row\">\n\t\t\t\t\t<div class=\"elementor-column elementor-col-100 elementor-top-column elementor-element elementor-element-7200065\" data-id=\"7200065\" data-element_type=\"column\">\n\t\t\t<div class=\"elementor-column-wrap elementor-element-populated\">\n\t\t\t\t\t\t\t<div class=\"elementor-widget-wrap\">\n\t\t\t\t\t\t<div class=\"elementor-element elementor-element-3ea27cb elementor-widget elementor-widget-text-editor\" data-id=\"3ea27cb\" data-element_type=\"widget\" data-widget_type=\"text-editor.default\">\n\t\t\t\t<div class=\"elementor-widget-container\">\n\t\t\t\t\t\t\t\t<div class=\"elementor-text-editor elementor-clearfix\">\n\t\t\t\t<h4><strong>Impressum des Maschinenring Tirol<\/strong><br \/><strong>Impressum\/Informationen nach \u00a7 5 ECG\/Offenlegung betreffend die Internet-Seiten der MR-Service Tirol reg.Gen.m.b.H<\/strong><\/h4><h4><strong>Medieninhaber\/Redaktion\/Herausgeber:<\/strong><\/h4><p>MR-Service Tirol reg.Gen.m.b.H<\/p><p>Wilhelm-Greil-Stra\u00dfe 9<\/p><p>6020 Innsbruck<\/p><p>T +43 59060 700<\/p><p>F +43 59060 7900<\/p><p>service.tirol@maschinenring.at<\/p><p>Rechtsform: reg.Gen.m.b.H; FN-NR: 158365s<\/p><p>UID: ATU42440603<\/p><h4><br \/><br \/>Offenlegung gem\u00e4\u00df \u00a7 25 MedienG:<\/h4><h4>MR-Service Tirol reg.Gen.m.b.H<\/h4><p>Wilhelm-Greil-Stra\u00dfe 9<\/p><p>6020 Innsbruck<\/p><p>T +43 59060 700<\/p><p>F +43 59060 7900<\/p><p>service.tirol@maschinenring.at<\/p><p>Rechtsform: reg.Gen.m.b.H; FN-NR: 158365s<\/p><p>UID: ATU42440603<\/p><p>Gesch\u00e4ftsf\u00fchrung: Mag. Hannes Ziegler, Abg. z. NR Hermann Gahr<\/p><p>Landesobmann: Christian Angerer<\/p>\t\t\t\t\t<\/div>\n\t\t\t\t\t\t<\/div>\n\t\t\t\t<\/div>\n\t\t\t\t\t\t<\/div>\n\t\t\t\t\t<\/div>\n\t\t<\/div>\n\t\t\t\t\t\t\t\t<\/div>\n\t\t\t\t\t<\/div>\n\t\t<\/section>\n\t\t\t\t<section class=\"elementor-section elementor-top-section elementor-element elementor-element-2afe520 elementor-section-boxed elementor-section-height-default elementor-section-height-default\" data-id=\"2afe520\" data-element_type=\"section\">\n\t\t\t\t\t\t<div class=\"elementor-container elementor-column-gap-default\">\n\t\t\t\t\t\t\t<div class=\"elementor-row\">\n\t\t\t\t\t<div class=\"elementor-column elementor-col-100 elementor-top-column elementor-element elementor-element-574b7b6\" data-id=\"574b7b6\" data-element_type=\"column\">\n\t\t\t<div class=\"elementor-column-wrap elementor-element-populated\">\n\t\t\t\t\t\t\t<div class=\"elementor-widget-wrap\">\n\t\t\t\t\t\t<div class=\"elementor-element elementor-element-037904f elementor-widget elementor-widget-heading\" data-id=\"037904f\" data-element_type=\"widget\" data-widget_type=\"heading.default\">\n\t\t\t\t<div class=\"elementor-widget-container\">\n\t\t\t<h1 class=\"elementor-heading-title elementor-size-default\">Datenschutz<\/h1>\t\t<\/div>\n\t\t\t\t<\/div>\n\t\t\t\t<div class=\"elementor-element elementor-element-f4016b4 elementor-widget-divider--view-line elementor-widget elementor-widget-divider\" data-id=\"f4016b4\" data-element_type=\"widget\" data-widget_type=\"divider.default\">\n\t\t\t\t<div class=\"elementor-widget-container\">\n\t\t\t\t\t<div class=\"elementor-divider\">\n\t\t\t<span class=\"elementor-divider-separator\">\n\t\t\t\t\t\t<\/span>\n\t\t<\/div>\n\t\t\t\t<\/div>\n\t\t\t\t<\/div>\n\t\t\t\t\t\t<\/div>\n\t\t\t\t\t<\/div>\n\t\t<\/div>\n\t\t\t\t\t\t\t\t<\/div>\n\t\t\t\t\t<\/div>\n\t\t<\/section>\n\t\t\t\t<section class=\"elementor-section elementor-top-section elementor-element elementor-element-2f3acda elementor-section-boxed elementor-section-height-default elementor-section-height-default\" data-id=\"2f3acda\" data-element_type=\"section\">\n\t\t\t\t\t\t<div class=\"elementor-container elementor-column-gap-default\">\n\t\t\t\t\t\t\t<div class=\"elementor-row\">\n\t\t\t\t\t<div class=\"elementor-column elementor-col-100 elementor-top-column elementor-element elementor-element-b735f52\" data-id=\"b735f52\" data-element_type=\"column\">\n\t\t\t<div class=\"elementor-column-wrap elementor-element-populated\">\n\t\t\t\t\t\t\t<div class=\"elementor-widget-wrap\">\n\t\t\t\t\t\t<div class=\"elementor-element elementor-element-5e28ef9 elementor-widget elementor-widget-text-editor\" data-id=\"5e28ef9\" data-element_type=\"widget\" data-widget_type=\"text-editor.default\">\n\t\t\t\t<div class=\"elementor-widget-container\">\n\t\t\t\t\t\t\t\t<div class=\"elementor-text-editor elementor-clearfix\">\n\t\t\t\t<h4>Zu unseren Datenschutz-Bestimmungen:<\/h4><p><a href=\"https:\/\/www.maschinenring.at\/datenschutz\" target=\"_blank\" rel=\"noopener\">https:\/\/www.maschinenring.at\/datenschutz<\/a><\/p>\t\t\t\t\t<\/div>\n\t\t\t\t\t\t<\/div>\n\t\t\t\t<\/div>\n\t\t\t\t\t\t<\/div>\n\t\t\t\t\t<\/div>\n\t\t<\/div>\n\t\t\t\t\t\t\t\t<\/div>\n\t\t\t\t\t<\/div>\n\t\t<\/section>\n\t\t\t\t\t\t\t\t\t<\/div>\n\t\t\t<\/div>\n\t\t\t\t\t<\/div>\n\t\t","protected":false},"excerpt":{"rendered":"<p>Impressum Impressum des Maschinenring TirolImpressum\/Informationen nach \u00a7 5 ECG\/Offenlegung betreffend die Internet-Seiten der MR-Service Tirol reg.Gen.m.b.H Medieninhaber\/Redaktion\/Herausgeber: MR-Service Tirol reg.Gen.m.b.H Wilhelm-Greil-Stra\u00dfe 9 6020 Innsbruck T +43 59060 700 F +43 59060 7900 service.tirol@maschinenring.at Rechtsform: reg.Gen.m.b.H; FN-NR: 158365s UID: ATU42440603 Offenlegung gem\u00e4\u00df \u00a7 25 MedienG: MR-Service Tirol reg.Gen.m.b.H Wilhelm-Greil-Stra\u00dfe 9 6020 Innsbruck T +43 59060 700 [&hellip;]<\/p>\n","protected":false},"author":2,"featured_media":0,"parent":0,"menu_order":0,"comment_status":"closed","ping_status":"closed","template":"","meta":{"_mi_skip_tracking":false},"yoast_head":"<!-- This site is optimized with the Yoast SEO plugin v19.13 - https:\/\/yoast.com\/wordpress\/plugins\/seo\/ -->\n<title>Impressum - Tiroler Blumenwiesn<\/title>\n<meta name=\"robots\" content=\"index, follow, max-snippet:-1, max-image-preview:large, max-video-preview:-1\" \/>\n<link rel=\"canonical\" href=\"https:\/\/www.tiroler-blumenwiesn.at\/?page_id=207\" \/>\n<meta property=\"og:locale\" content=\"de_DE\" \/>\n<meta property=\"og:type\" content=\"article\" \/>\n<meta property=\"og:title\" content=\"Impressum - Tiroler Blumenwiesn\" \/>\n<meta property=\"og:description\" content=\"Impressum Impressum des Maschinenring TirolImpressum\/Informationen nach \u00a7 5 ECG\/Offenlegung betreffend die Internet-Seiten der MR-Service Tirol reg.Gen.m.b.H Medieninhaber\/Redaktion\/Herausgeber: MR-Service Tirol reg.Gen.m.b.H Wilhelm-Greil-Stra\u00dfe 9 6020 Innsbruck T +43 59060 700 F +43 59060 7900 service.tirol@maschinenring.at Rechtsform: reg.Gen.m.b.H; FN-NR: 158365s UID: ATU42440603 Offenlegung gem\u00e4\u00df \u00a7 25 MedienG: MR-Service Tirol reg.Gen.m.b.H Wilhelm-Greil-Stra\u00dfe 9 6020 Innsbruck T +43 59060 700 [&hellip;]\" \/>\n<meta property=\"og:url\" content=\"https:\/\/www.tiroler-blumenwiesn.at\/?page_id=207\" \/>\n<meta property=\"og:site_name\" content=\"Tiroler Blumenwiesn\" \/>\n<meta property=\"article:modified_time\" content=\"2020-04-21T11:06:56+00:00\" \/>\n<meta name=\"twitter:card\" content=\"summary_large_image\" \/>\n<script type=\"application\/ld+json\" class=\"yoast-schema-graph\">{\"@context\":\"https:\/\/schema.org\",\"@graph\":[{\"@type\":\"WebPage\",\"@id\":\"https:\/\/www.tiroler-blumenwiesn.at\/?page_id=207\",\"url\":\"https:\/\/www.tiroler-blumenwiesn.at\/?page_id=207\",\"name\":\"Impressum - Tiroler Blumenwiesn\",\"isPartOf\":{\"@id\":\"https:\/\/www.tiroler-blumenwiesn.at\/#website\"},\"datePublished\":\"2020-03-21T09:39:24+00:00\",\"dateModified\":\"2020-04-21T11:06:56+00:00\",\"breadcrumb\":{\"@id\":\"https:\/\/www.tiroler-blumenwiesn.at\/?page_id=207#breadcrumb\"},\"inLanguage\":\"de\",\"potentialAction\":[{\"@type\":\"ReadAction\",\"target\":[\"https:\/\/www.tiroler-blumenwiesn.at\/?page_id=207\"]}]},{\"@type\":\"BreadcrumbList\",\"@id\":\"https:\/\/www.tiroler-blumenwiesn.at\/?page_id=207#breadcrumb\",\"itemListElement\":[{\"@type\":\"ListItem\",\"position\":1,\"name\":\"Startseite\",\"item\":\"https:\/\/www.tiroler-blumenwiesn.at\/\"},{\"@type\":\"ListItem\",\"position\":2,\"name\":\"Impressum\"}]},{\"@type\":\"WebSite\",\"@id\":\"https:\/\/www.tiroler-blumenwiesn.at\/#website\",\"url\":\"https:\/\/www.tiroler-blumenwiesn.at\/\",\"name\":\"Tiroler Blumenwiesn\",\"description\":\"f\u00fcr mehr bunte Bl\u00fchfl\u00e4chen in Tirol!\",\"potentialAction\":[{\"@type\":\"SearchAction\",\"target\":{\"@type\":\"EntryPoint\",\"urlTemplate\":\"https:\/\/www.tiroler-blumenwiesn.at\/?s={search_term_string}\"},\"query-input\":\"required name=search_term_string\"}],\"inLanguage\":\"de\"}]}<\/script>\n<!-- \/ Yoast SEO plugin. -->","yoast_head_json":{"title":"Impressum - Tiroler Blumenwiesn","robots":{"index":"index","follow":"follow","max-snippet":"max-snippet:-1","max-image-preview":"max-image-preview:large","max-video-preview":"max-video-preview:-1"},"canonical":"https:\/\/www.tiroler-blumenwiesn.at\/?page_id=207","og_locale":"de_DE","og_type":"article","og_title":"Impressum - Tiroler Blumenwiesn","og_description":"Impressum Impressum des Maschinenring TirolImpressum\/Informationen nach \u00a7 5 ECG\/Offenlegung betreffend die Internet-Seiten der MR-Service Tirol reg.Gen.m.b.H Medieninhaber\/Redaktion\/Herausgeber: MR-Service Tirol reg.Gen.m.b.H Wilhelm-Greil-Stra\u00dfe 9 6020 Innsbruck T +43 59060 700 F +43 59060 7900 service.tirol@maschinenring.at Rechtsform: reg.Gen.m.b.H; FN-NR: 158365s UID: ATU42440603 Offenlegung gem\u00e4\u00df \u00a7 25 MedienG: MR-Service Tirol reg.Gen.m.b.H Wilhelm-Greil-Stra\u00dfe 9 6020 Innsbruck T +43 59060 700 [&hellip;]","og_url":"https:\/\/www.tiroler-blumenwiesn.at\/?page_id=207","og_site_name":"Tiroler Blumenwiesn","article_modified_time":"2020-04-21T11:06:56+00:00","twitter_card":"summary_large_image","schema":{"@context":"https:\/\/schema.org","@graph":[{"@type":"WebPage","@id":"https:\/\/www.tiroler-blumenwiesn.at\/?page_id=207","url":"https:\/\/www.tiroler-blumenwiesn.at\/?page_id=207","name":"Impressum - Tiroler Blumenwiesn","isPartOf":{"@id":"https:\/\/www.tiroler-blumenwiesn.at\/#website"},"datePublished":"2020-03-21T09:39:24+00:00","dateModified":"2020-04-21T11:06:56+00:00","breadcrumb":{"@id":"https:\/\/www.tiroler-blumenwiesn.at\/?page_id=207#breadcrumb"},"inLanguage":"de","potentialAction":[{"@type":"ReadAction","target":["https:\/\/www.tiroler-blumenwiesn.at\/?page_id=207"]}]},{"@type":"BreadcrumbList","@id":"https:\/\/www.tiroler-blumenwiesn.at\/?page_id=207#breadcrumb","itemListElement":[{"@type":"ListItem","position":1,"name":"Startseite","item":"https:\/\/www.tiroler-blumenwiesn.at\/"},{"@type":"ListItem","position":2,"name":"Impressum"}]},{"@type":"WebSite","@id":"https:\/\/www.tiroler-blumenwiesn.at\/#website","url":"https:\/\/www.tiroler-blumenwiesn.at\/","name":"Tiroler Blumenwiesn","description":"f\u00fcr mehr bunte Bl\u00fchfl\u00e4chen in Tirol!","potentialAction":[{"@type":"SearchAction","target":{"@type":"EntryPoint","urlTemplate":"https:\/\/www.tiroler-blumenwiesn.at\/?s={search_term_string}"},"query-input":"required name=search_term_string"}],"inLanguage":"de"}]}},"_links":{"self":[{"href":"https:\/\/www.tiroler-blumenwiesn.at\/index.php?rest_route=\/wp\/v2\/pages\/207"}],"collection":[{"href":"https:\/\/www.tiroler-blumenwiesn.at\/index.php?rest_route=\/wp\/v2\/pages"}],"about":[{"href":"https:\/\/www.tiroler-blumenwiesn.at\/index.php?rest_route=\/wp\/v2\/types\/page"}],"author":[{"embeddable":true,"href":"https:\/\/www.tiroler-blumenwiesn.at\/index.php?rest_route=\/wp\/v2\/users\/2"}],"replies":[{"embeddable":true,"href":"https:\/\/www.tiroler-blumenwiesn.at\/index.php?rest_route=%2Fwp%2Fv2%2Fcomments&post=207"}],"version-history":[{"count":11,"href":"https:\/\/www.tiroler-blumenwiesn.at\/index.php?rest_route=\/wp\/v2\/pages\/207\/revisions"}],"predecessor-version":[{"id":448,"href":"https:\/\/www.tiroler-blumenwiesn.at\/index.php?rest_route=\/wp\/v2\/pages\/207\/revisions\/448"}],"wp:attachment":[{"href":"https:\/\/www.tiroler-blumenwiesn.at\/index.php?rest_route=%2Fwp%2Fv2%2Fmedia&parent=207"}],"curies":[{"name":"wp","href":"https:\/\/api.w.org\/{rel}","templated":true}]}}